{"id":1722,"date":"2023-02-13T10:08:26","date_gmt":"2023-02-13T10:08:26","guid":{"rendered":"https:\/\/www.einsa.com\/?page_id=1722"},"modified":"2023-02-13T10:08:26","modified_gmt":"2023-02-13T10:08:26","slug":"politica-de-proteccion-de-datos","status":"publish","type":"page","link":"https:\/\/www.einsa.com\/en\/politica-de-proteccion-de-datos\/","title":{"rendered":"(Espa\u00f1ol) Pol\u00edtica de Protecci\u00f3n de Datos"},"content":{"rendered":"<section class=\"wpb-content-wrapper\">[\/vc_column_text][\/vc_column][\/vc_row]\n<\/section>","protected":false},"excerpt":{"rendered":"<p>[\/vc_column_text][\/vc_column][\/vc_row]<\/p>\n","protected":false},"author":1,"featured_media":0,"parent":0,"menu_order":0,"comment_status":"closed","ping_status":"closed","template":"","meta":{"footnotes":""},"class_list":["post-1722","page","type-page","status-publish","hentry"],"_links":{"self":[{"href":"https:\/\/www.einsa.com\/en\/wp-json\/wp\/v2\/pages\/1722","targetHints":{"allow":["GET"]}}],"collection":[{"href":"https:\/\/www.einsa.com\/en\/wp-json\/wp\/v2\/pages"}],"about":[{"href":"https:\/\/www.einsa.com\/en\/wp-json\/wp\/v2\/types\/page"}],"author":[{"embeddable":true,"href":"https:\/\/www.einsa.com\/en\/wp-json\/wp\/v2\/users\/1"}],"replies":[{"embeddable":true,"href":"https:\/\/www.einsa.com\/en\/wp-json\/wp\/v2\/comments?post=1722"}],"version-history":[{"count":1,"href":"https:\/\/www.einsa.com\/en\/wp-json\/wp\/v2\/pages\/1722\/revisions"}],"predecessor-version":[{"id":1723,"href":"https:\/\/www.einsa.com\/en\/wp-json\/wp\/v2\/pages\/1722\/revisions\/1723"}],"wp:attachment":[{"href":"https:\/\/www.einsa.com\/en\/wp-json\/wp\/v2\/media?parent=1722"}],"curies":[{"name":"wp","href":"https:\/\/api.w.org\/{rel}","templated":true}]}}